{"id":18,"date":"2022-08-27T11:33:43","date_gmt":"2022-08-27T11:33:43","guid":{"rendered":"https:\/\/weingut-erhard-lauf.de\/?page_id=18"},"modified":"2026-01-06T19:29:52","modified_gmt":"2026-01-06T19:29:52","slug":"gaestezimmer","status":"publish","type":"page","link":"https:\/\/weingut-erhard-lauf.de\/index.php\/gaestezimmer\/","title":{"rendered":"G\u00e4stezimmer"},"content":{"rendered":"\n<figure class=\"wp-block-image size-large\"><img loading=\"lazy\" decoding=\"async\" width=\"1024\" height=\"18\" src=\"https:\/\/weingut-erhard-lauf.de\/wp-content\/uploads\/2022\/09\/Linie-1024x18.jpg\" alt=\"\" class=\"wp-image-348\" srcset=\"https:\/\/weingut-erhard-lauf.de\/wp-content\/uploads\/2022\/09\/Linie-1024x18.jpg 1024w, https:\/\/weingut-erhard-lauf.de\/wp-content\/uploads\/2022\/09\/Linie-300x5.jpg 300w, https:\/\/weingut-erhard-lauf.de\/wp-content\/uploads\/2022\/09\/Linie-768x13.jpg 768w, https:\/\/weingut-erhard-lauf.de\/wp-content\/uploads\/2022\/09\/Linie-1536x27.jpg 1536w, https:\/\/weingut-erhard-lauf.de\/wp-content\/uploads\/2022\/09\/Linie-2048x36.jpg 2048w\" sizes=\"auto, (max-width: 767px) 89vw, (max-width: 1000px) 54vw, (max-width: 1071px) 543px, 580px\" \/><\/figure>\n\n\n\n<p class=\"has-large-font-size\"><strong>Wohnen im Denkmal * * *<\/strong><\/p>\n\n\n\n<p class=\"has-text-align-center has-medium-font-size\">Unsere vier liebevoll und komfortabel eingerichteten G\u00e4stezimmer sorgen mit ihrem freundlichen, hellen Ambiente f\u00fcr einen angenehmen Aufenthalt.<\/p>\n\n\n\n<figure class=\"wp-block-image size-full\"><img loading=\"lazy\" decoding=\"async\" width=\"1000\" height=\"667\" src=\"https:\/\/weingut-erhard-lauf.de\/wp-content\/uploads\/2022\/08\/Schild.jpg\" alt=\"\" class=\"wp-image-94\" srcset=\"https:\/\/weingut-erhard-lauf.de\/wp-content\/uploads\/2022\/08\/Schild.jpg 1000w, https:\/\/weingut-erhard-lauf.de\/wp-content\/uploads\/2022\/08\/Schild-300x200.jpg 300w, https:\/\/weingut-erhard-lauf.de\/wp-content\/uploads\/2022\/08\/Schild-768x512.jpg 768w\" sizes=\"auto, (max-width: 767px) 89vw, (max-width: 1000px) 54vw, (max-width: 1071px) 543px, 580px\" \/><\/figure>\n\n\n\n<p class=\"has-medium-font-size\">Die Zimmer sind mit Dusche\/ WC, Fernseher und Internetanschluss ausgestattet und sind von der DTVP mit drei Sternen klassifiziert.<br>Wohlf\u00fchlen beginnt schon mit unserem Fr\u00fchst\u00fcck. Denn nach einem ausgiebigen und reichhaltigen Winzerfr\u00fchst\u00fcck l\u00e4sst es sich beschwingt in einen abwechslungsreichen Tag starten. <\/p>\n\n\n\n<p class=\"has-medium-font-size\">Benannt wurden unsere Zimmer nach den Weilerer Weinlagen:<br>Heiligenberg, Schlossberg, Herrenzehntel und Nobel.<\/p>\n\n\n\n<figure class=\"wp-block-image size-full is-resized\"><img loading=\"lazy\" decoding=\"async\" width=\"500\" height=\"380\" src=\"https:\/\/weingut-erhard-lauf.de\/wp-content\/uploads\/2022\/08\/G-Herrenzehntel1-OK.jpg\" alt=\"\" class=\"wp-image-98\" style=\"width:586px;height:445px\" srcset=\"https:\/\/weingut-erhard-lauf.de\/wp-content\/uploads\/2022\/08\/G-Herrenzehntel1-OK.jpg 500w, https:\/\/weingut-erhard-lauf.de\/wp-content\/uploads\/2022\/08\/G-Herrenzehntel1-OK-300x228.jpg 300w\" sizes=\"auto, (max-width: 500px) 100vw, 500px\" \/><\/figure>\n\n\n\n<figure class=\"wp-block-image size-full is-resized\"><img loading=\"lazy\" decoding=\"async\" width=\"500\" height=\"380\" src=\"https:\/\/weingut-erhard-lauf.de\/wp-content\/uploads\/2022\/08\/Badezimmer1-OK.jpg\" alt=\"\" class=\"wp-image-99\" style=\"width:589px;height:448px\" srcset=\"https:\/\/weingut-erhard-lauf.de\/wp-content\/uploads\/2022\/08\/Badezimmer1-OK.jpg 500w, https:\/\/weingut-erhard-lauf.de\/wp-content\/uploads\/2022\/08\/Badezimmer1-OK-300x228.jpg 300w\" sizes=\"auto, (max-width: 500px) 100vw, 500px\" \/><\/figure>\n\n\n\n<figure class=\"wp-block-image size-full is-resized\"><img loading=\"lazy\" decoding=\"async\" width=\"500\" height=\"380\" src=\"https:\/\/weingut-erhard-lauf.de\/wp-content\/uploads\/2022\/08\/Badezimmer-OK.jpg\" alt=\"\" class=\"wp-image-100\" style=\"width:592px;height:450px\" srcset=\"https:\/\/weingut-erhard-lauf.de\/wp-content\/uploads\/2022\/08\/Badezimmer-OK.jpg 500w, https:\/\/weingut-erhard-lauf.de\/wp-content\/uploads\/2022\/08\/Badezimmer-OK-300x228.jpg 300w\" sizes=\"auto, (max-width: 500px) 100vw, 500px\" \/><\/figure>\n\n\n\n<p class=\"has-text-align-center has-black-color has-text-color has-medium-font-size\"><strong>Am Abend k\u00f6nnen Sie den Tag mit einem Glas Wein, <\/strong><br><strong>in unserer Weinlaube, ausklingen lassen.<\/strong><\/p>\n\n\n\n<figure class=\"wp-block-table is-style-stripes has-medium-font-size\"><table class=\"has-black-color has-cyan-bluish-gray-background-color has-text-color has-background\"><tbody><tr><td class=\"has-text-align-center\" data-align=\"center\"><strong><em>Preise 2026:<br><\/em><\/strong>Doppelzimmer mit \u00dcbernachtung und Fr\u00fchst\u00fcck pro Person u. Nacht:<\/td><\/tr><tr><td class=\"has-text-align-center\" data-align=\"center\">1 \u00dcbernachtung: 50,00 \u20ac<\/td><\/tr><tr><td class=\"has-text-align-center\" data-align=\"center\">ab 2 \u00dcbernachtungen: 48,00 \u20ac<\/td><\/tr><tr><td class=\"has-text-align-center\" data-align=\"center\">ab 4 \u00dcbernachtungen: 45,00 \u20ac<\/td><\/tr><tr><td class=\"has-text-align-center\" data-align=\"center\">Einzelzimmerzuschlag: 15,00 \u20ac &nbsp;<\/td><\/tr><\/tbody><\/table><\/figure>\n\n\n\n<p class=\"has-text-align-center has-black-color has-text-color has-medium-font-size\"><a href=\"https:\/\/weingut-erhard-lauf.de\/index.php\/agb\/\"><strong>Bei Stornierung:<\/strong> <strong> s. AGB<\/strong><\/a><\/p>\n\n\n\n<p class=\"has-text-align-center has-black-color has-text-color has-medium-font-size\"><strong>Mit R\u00fccksicht auf unsere erholungssuchenden G\u00e4ste, <\/strong><br><strong>sind Haustiere nicht erw\u00fcnscht.<\/strong><\/p>\n\n\n\n<figure class=\"wp-block-image size-large\"><img loading=\"lazy\" decoding=\"async\" width=\"1024\" height=\"296\" src=\"https:\/\/weingut-erhard-lauf.de\/wp-content\/uploads\/2022\/08\/logo-aussen-1024x296.jpg\" alt=\"\" class=\"wp-image-113\" srcset=\"https:\/\/weingut-erhard-lauf.de\/wp-content\/uploads\/2022\/08\/logo-aussen-1024x296.jpg 1024w, https:\/\/weingut-erhard-lauf.de\/wp-content\/uploads\/2022\/08\/logo-aussen-300x87.jpg 300w, https:\/\/weingut-erhard-lauf.de\/wp-content\/uploads\/2022\/08\/logo-aussen-768x222.jpg 768w, https:\/\/weingut-erhard-lauf.de\/wp-content\/uploads\/2022\/08\/logo-aussen.jpg 1280w\" sizes=\"auto, (max-width: 767px) 89vw, (max-width: 1000px) 54vw, (max-width: 1071px) 543px, 580px\" \/><\/figure>\n\n\n\n<figure class=\"wp-block-image size-large\"><img loading=\"lazy\" decoding=\"async\" width=\"1024\" height=\"18\" src=\"https:\/\/weingut-erhard-lauf.de\/wp-content\/uploads\/2022\/09\/Linie-1024x18.jpg\" alt=\"\" class=\"wp-image-348\" srcset=\"https:\/\/weingut-erhard-lauf.de\/wp-content\/uploads\/2022\/09\/Linie-1024x18.jpg 1024w, https:\/\/weingut-erhard-lauf.de\/wp-content\/uploads\/2022\/09\/Linie-300x5.jpg 300w, https:\/\/weingut-erhard-lauf.de\/wp-content\/uploads\/2022\/09\/Linie-768x13.jpg 768w, https:\/\/weingut-erhard-lauf.de\/wp-content\/uploads\/2022\/09\/Linie-1536x27.jpg 1536w, https:\/\/weingut-erhard-lauf.de\/wp-content\/uploads\/2022\/09\/Linie-2048x36.jpg 2048w\" sizes=\"auto, (max-width: 767px) 89vw, (max-width: 1000px) 54vw, (max-width: 1071px) 543px, 580px\" \/><\/figure>\n","protected":false},"excerpt":{"rendered":"<p>Wohnen im Denkmal * * * Unsere vier liebevoll und komfortabel eingerichteten G\u00e4stezimmer sorgen mit ihrem freundlichen, hellen Ambiente f\u00fcr einen angenehmen Aufenthalt. Die Zimmer sind mit Dusche\/ WC, Fernseher und Internetanschluss ausgestattet und sind von der DTVP mit drei Sternen klassifiziert.Wohlf\u00fchlen beginnt schon mit unserem Fr\u00fchst\u00fcck. Denn nach einem ausgiebigen und reichhaltigen Winzerfr\u00fchst\u00fcck l\u00e4sst &hellip; <\/p>\n<p class=\"link-more\"><a href=\"https:\/\/weingut-erhard-lauf.de\/index.php\/gaestezimmer\/\" class=\"more-link\"><span class=\"screen-reader-text\">\u201eG\u00e4stezimmer\u201c <\/span>weiterlesen<\/a><\/p>\n","protected":false},"author":1,"featured_media":0,"parent":0,"menu_order":0,"comment_status":"closed","ping_status":"closed","template":"","meta":{"ngg_post_thumbnail":0,"footnotes":""},"class_list":["post-18","page","type-page","status-publish","hentry"],"yoast_head":"<!-- This site is optimized with the Yoast SEO plugin v27.5 - https:\/\/yoast.com\/product\/yoast-seo-wordpress\/ -->\n<title>G\u00e4stezimmer - Ehemaliges Weingut Lauf<\/title>\n<meta name=\"description\" content=\"Wohnen im Denkmal, G\u00e4stezimmer in Weingut Erhard Lauf, G\u00e4stezimmer in Weiler an der Nahe\" \/>\n<meta name=\"robots\" content=\"index, follow, max-snippet:-1, max-image-preview:large, max-video-preview:-1\" \/>\n<link rel=\"canonical\" href=\"https:\/\/weingut-erhard-lauf.de\/index.php\/gaestezimmer\/\" \/>\n<meta property=\"og:locale\" content=\"de_DE\" \/>\n<meta property=\"og:type\" content=\"article\" \/>\n<meta property=\"og:title\" content=\"G\u00e4stezimmer - Ehemaliges Weingut Lauf\" \/>\n<meta property=\"og:description\" content=\"Wohnen im Denkmal, G\u00e4stezimmer in Weingut Erhard Lauf, G\u00e4stezimmer in Weiler an der Nahe\" \/>\n<meta property=\"og:url\" content=\"https:\/\/weingut-erhard-lauf.de\/index.php\/gaestezimmer\/\" \/>\n<meta property=\"og:site_name\" content=\"Ehemaliges Weingut Lauf\" \/>\n<meta property=\"article:modified_time\" content=\"2026-01-06T19:29:52+00:00\" \/>\n<meta property=\"og:image\" content=\"https:\/\/weingut-erhard-lauf.de\/wp-content\/uploads\/2022\/09\/Linie-scaled.jpg\" \/>\n\t<meta property=\"og:image:width\" content=\"2560\" \/>\n\t<meta property=\"og:image:height\" content=\"45\" \/>\n\t<meta property=\"og:image:type\" content=\"image\/jpeg\" \/>\n<meta name=\"twitter:card\" content=\"summary_large_image\" \/>\n<meta name=\"twitter:label1\" content=\"Gesch\u00e4tzte Lesezeit\" \/>\n\t<meta name=\"twitter:data1\" content=\"3\u00a0Minuten\" \/>\n<script type=\"application\/ld+json\" class=\"yoast-schema-graph\">{\"@context\":\"https:\\\/\\\/schema.org\",\"@graph\":[{\"@type\":\"WebPage\",\"@id\":\"https:\\\/\\\/weingut-erhard-lauf.de\\\/index.php\\\/gaestezimmer\\\/\",\"url\":\"https:\\\/\\\/weingut-erhard-lauf.de\\\/index.php\\\/gaestezimmer\\\/\",\"name\":\"G\u00e4stezimmer - Ehemaliges Weingut Lauf\",\"isPartOf\":{\"@id\":\"https:\\\/\\\/weingut-erhard-lauf.de\\\/#website\"},\"primaryImageOfPage\":{\"@id\":\"https:\\\/\\\/weingut-erhard-lauf.de\\\/index.php\\\/gaestezimmer\\\/#primaryimage\"},\"image\":{\"@id\":\"https:\\\/\\\/weingut-erhard-lauf.de\\\/index.php\\\/gaestezimmer\\\/#primaryimage\"},\"thumbnailUrl\":\"https:\\\/\\\/weingut-erhard-lauf.de\\\/wp-content\\\/uploads\\\/2022\\\/09\\\/Linie-1024x18.jpg\",\"datePublished\":\"2022-08-27T11:33:43+00:00\",\"dateModified\":\"2026-01-06T19:29:52+00:00\",\"description\":\"Wohnen im Denkmal, G\u00e4stezimmer in Weingut Erhard Lauf, G\u00e4stezimmer in Weiler an der Nahe\",\"breadcrumb\":{\"@id\":\"https:\\\/\\\/weingut-erhard-lauf.de\\\/index.php\\\/gaestezimmer\\\/#breadcrumb\"},\"inLanguage\":\"de\",\"potentialAction\":[{\"@type\":\"ReadAction\",\"target\":[\"https:\\\/\\\/weingut-erhard-lauf.de\\\/index.php\\\/gaestezimmer\\\/\"]}]},{\"@type\":\"ImageObject\",\"inLanguage\":\"de\",\"@id\":\"https:\\\/\\\/weingut-erhard-lauf.de\\\/index.php\\\/gaestezimmer\\\/#primaryimage\",\"url\":\"https:\\\/\\\/weingut-erhard-lauf.de\\\/wp-content\\\/uploads\\\/2022\\\/09\\\/Linie-1024x18.jpg\",\"contentUrl\":\"https:\\\/\\\/weingut-erhard-lauf.de\\\/wp-content\\\/uploads\\\/2022\\\/09\\\/Linie-1024x18.jpg\"},{\"@type\":\"BreadcrumbList\",\"@id\":\"https:\\\/\\\/weingut-erhard-lauf.de\\\/index.php\\\/gaestezimmer\\\/#breadcrumb\",\"itemListElement\":[{\"@type\":\"ListItem\",\"position\":1,\"name\":\"Startseite\",\"item\":\"https:\\\/\\\/weingut-erhard-lauf.de\\\/\"},{\"@type\":\"ListItem\",\"position\":2,\"name\":\"G\u00e4stezimmer\"}]},{\"@type\":\"WebSite\",\"@id\":\"https:\\\/\\\/weingut-erhard-lauf.de\\\/#website\",\"url\":\"https:\\\/\\\/weingut-erhard-lauf.de\\\/\",\"name\":\"Ehemaliges Weingut Lauf\",\"description\":\"G\u00e4stezimmer\",\"potentialAction\":[{\"@type\":\"SearchAction\",\"target\":{\"@type\":\"EntryPoint\",\"urlTemplate\":\"https:\\\/\\\/weingut-erhard-lauf.de\\\/?s={search_term_string}\"},\"query-input\":{\"@type\":\"PropertyValueSpecification\",\"valueRequired\":true,\"valueName\":\"search_term_string\"}}],\"inLanguage\":\"de\"}]}<\/script>\n<!-- \/ Yoast SEO plugin. -->","yoast_head_json":{"title":"G\u00e4stezimmer - Ehemaliges Weingut Lauf","description":"Wohnen im Denkmal, G\u00e4stezimmer in Weingut Erhard Lauf, G\u00e4stezimmer in Weiler an der Nahe","robots":{"index":"index","follow":"follow","max-snippet":"max-snippet:-1","max-image-preview":"max-image-preview:large","max-video-preview":"max-video-preview:-1"},"canonical":"https:\/\/weingut-erhard-lauf.de\/index.php\/gaestezimmer\/","og_locale":"de_DE","og_type":"article","og_title":"G\u00e4stezimmer - Ehemaliges Weingut Lauf","og_description":"Wohnen im Denkmal, G\u00e4stezimmer in Weingut Erhard Lauf, G\u00e4stezimmer in Weiler an der Nahe","og_url":"https:\/\/weingut-erhard-lauf.de\/index.php\/gaestezimmer\/","og_site_name":"Ehemaliges Weingut Lauf","article_modified_time":"2026-01-06T19:29:52+00:00","og_image":[{"width":2560,"height":45,"url":"https:\/\/weingut-erhard-lauf.de\/wp-content\/uploads\/2022\/09\/Linie-scaled.jpg","type":"image\/jpeg"}],"twitter_card":"summary_large_image","twitter_misc":{"Gesch\u00e4tzte Lesezeit":"3\u00a0Minuten"},"schema":{"@context":"https:\/\/schema.org","@graph":[{"@type":"WebPage","@id":"https:\/\/weingut-erhard-lauf.de\/index.php\/gaestezimmer\/","url":"https:\/\/weingut-erhard-lauf.de\/index.php\/gaestezimmer\/","name":"G\u00e4stezimmer - Ehemaliges Weingut Lauf","isPartOf":{"@id":"https:\/\/weingut-erhard-lauf.de\/#website"},"primaryImageOfPage":{"@id":"https:\/\/weingut-erhard-lauf.de\/index.php\/gaestezimmer\/#primaryimage"},"image":{"@id":"https:\/\/weingut-erhard-lauf.de\/index.php\/gaestezimmer\/#primaryimage"},"thumbnailUrl":"https:\/\/weingut-erhard-lauf.de\/wp-content\/uploads\/2022\/09\/Linie-1024x18.jpg","datePublished":"2022-08-27T11:33:43+00:00","dateModified":"2026-01-06T19:29:52+00:00","description":"Wohnen im Denkmal, G\u00e4stezimmer in Weingut Erhard Lauf, G\u00e4stezimmer in Weiler an der Nahe","breadcrumb":{"@id":"https:\/\/weingut-erhard-lauf.de\/index.php\/gaestezimmer\/#breadcrumb"},"inLanguage":"de","potentialAction":[{"@type":"ReadAction","target":["https:\/\/weingut-erhard-lauf.de\/index.php\/gaestezimmer\/"]}]},{"@type":"ImageObject","inLanguage":"de","@id":"https:\/\/weingut-erhard-lauf.de\/index.php\/gaestezimmer\/#primaryimage","url":"https:\/\/weingut-erhard-lauf.de\/wp-content\/uploads\/2022\/09\/Linie-1024x18.jpg","contentUrl":"https:\/\/weingut-erhard-lauf.de\/wp-content\/uploads\/2022\/09\/Linie-1024x18.jpg"},{"@type":"BreadcrumbList","@id":"https:\/\/weingut-erhard-lauf.de\/index.php\/gaestezimmer\/#breadcrumb","itemListElement":[{"@type":"ListItem","position":1,"name":"Startseite","item":"https:\/\/weingut-erhard-lauf.de\/"},{"@type":"ListItem","position":2,"name":"G\u00e4stezimmer"}]},{"@type":"WebSite","@id":"https:\/\/weingut-erhard-lauf.de\/#website","url":"https:\/\/weingut-erhard-lauf.de\/","name":"Ehemaliges Weingut Lauf","description":"G\u00e4stezimmer","potentialAction":[{"@type":"SearchAction","target":{"@type":"EntryPoint","urlTemplate":"https:\/\/weingut-erhard-lauf.de\/?s={search_term_string}"},"query-input":{"@type":"PropertyValueSpecification","valueRequired":true,"valueName":"search_term_string"}}],"inLanguage":"de"}]}},"_links":{"self":[{"href":"https:\/\/weingut-erhard-lauf.de\/index.php\/wp-json\/wp\/v2\/pages\/18","targetHints":{"allow":["GET"]}}],"collection":[{"href":"https:\/\/weingut-erhard-lauf.de\/index.php\/wp-json\/wp\/v2\/pages"}],"about":[{"href":"https:\/\/weingut-erhard-lauf.de\/index.php\/wp-json\/wp\/v2\/types\/page"}],"author":[{"embeddable":true,"href":"https:\/\/weingut-erhard-lauf.de\/index.php\/wp-json\/wp\/v2\/users\/1"}],"replies":[{"embeddable":true,"href":"https:\/\/weingut-erhard-lauf.de\/index.php\/wp-json\/wp\/v2\/comments?post=18"}],"version-history":[{"count":30,"href":"https:\/\/weingut-erhard-lauf.de\/index.php\/wp-json\/wp\/v2\/pages\/18\/revisions"}],"predecessor-version":[{"id":540,"href":"https:\/\/weingut-erhard-lauf.de\/index.php\/wp-json\/wp\/v2\/pages\/18\/revisions\/540"}],"wp:attachment":[{"href":"https:\/\/weingut-erhard-lauf.de\/index.php\/wp-json\/wp\/v2\/media?parent=18"}],"curies":[{"name":"wp","href":"https:\/\/api.w.org\/{rel}","templated":true}]}}