{"id":2,"date":"2022-08-27T10:26:19","date_gmt":"2022-08-27T10:26:19","guid":{"rendered":"https:\/\/weingut-erhard-lauf.de\/?page_id=2"},"modified":"2024-08-01T19:50:40","modified_gmt":"2024-08-01T19:50:40","slug":"weingut-erhard-lauf","status":"publish","type":"page","link":"https:\/\/weingut-erhard-lauf.de\/","title":{"rendered":"Willkommen"},"content":{"rendered":"\n<figure class=\"wp-block-image size-large\"><img loading=\"lazy\" decoding=\"async\" width=\"1024\" height=\"18\" src=\"https:\/\/weingut-erhard-lauf.de\/wp-content\/uploads\/2022\/09\/Linie-2-1024x18.gif\" alt=\"\" class=\"wp-image-346\" srcset=\"https:\/\/weingut-erhard-lauf.de\/wp-content\/uploads\/2022\/09\/Linie-2-1024x18.gif 1024w, https:\/\/weingut-erhard-lauf.de\/wp-content\/uploads\/2022\/09\/Linie-2-300x5.gif 300w, https:\/\/weingut-erhard-lauf.de\/wp-content\/uploads\/2022\/09\/Linie-2-768x13.gif 768w\" sizes=\"auto, (max-width: 767px) 89vw, (max-width: 1000px) 54vw, (max-width: 1071px) 543px, 580px\" \/><\/figure>\n\n\n\n<p class=\"has-text-align-center has-medium-font-size\"><strong>Liebe G\u00e4ste, wir begr\u00fc\u00dfen Sie ganz herzlich in unserem ehemaligen Weingut.<\/strong><\/p>\n\n\n\n<p class=\"has-text-align-center has-medium-font-size\">Wir w\u00fcnschen ihnen einen erholsamen Aufenthalt in der herrlichen Nahe-Region und in unseren komfortabel eingerichteten G\u00e4stezimmern.<\/p>\n\n\n\n<p class=\"has-text-align-center has-medium-font-size\">Wir freuen uns auf ihren Besuch<br>Familie Lauf &amp; Team<\/p>\n\n\n\n<figure class=\"wp-block-image size-large\"><img loading=\"lazy\" decoding=\"async\" width=\"1024\" height=\"18\" src=\"https:\/\/weingut-erhard-lauf.de\/wp-content\/uploads\/2022\/09\/Linie-1024x18.jpg\" alt=\"\" class=\"wp-image-348\" srcset=\"https:\/\/weingut-erhard-lauf.de\/wp-content\/uploads\/2022\/09\/Linie-1024x18.jpg 1024w, https:\/\/weingut-erhard-lauf.de\/wp-content\/uploads\/2022\/09\/Linie-300x5.jpg 300w, https:\/\/weingut-erhard-lauf.de\/wp-content\/uploads\/2022\/09\/Linie-768x13.jpg 768w, https:\/\/weingut-erhard-lauf.de\/wp-content\/uploads\/2022\/09\/Linie-1536x27.jpg 1536w, https:\/\/weingut-erhard-lauf.de\/wp-content\/uploads\/2022\/09\/Linie-2048x36.jpg 2048w\" sizes=\"auto, (max-width: 767px) 89vw, (max-width: 1000px) 54vw, (max-width: 1071px) 543px, 580px\" \/><\/figure>\n","protected":false},"excerpt":{"rendered":"<p>Liebe G\u00e4ste, wir begr\u00fc\u00dfen Sie ganz herzlich in unserem ehemaligen Weingut. Wir w\u00fcnschen ihnen einen erholsamen Aufenthalt in der herrlichen Nahe-Region und in unseren komfortabel eingerichteten G\u00e4stezimmern. Wir freuen uns auf ihren BesuchFamilie Lauf &amp; Team<\/p>\n","protected":false},"author":1,"featured_media":0,"parent":0,"menu_order":0,"comment_status":"closed","ping_status":"closed","template":"","meta":{"ngg_post_thumbnail":0,"footnotes":""},"class_list":["post-2","page","type-page","status-publish","hentry"],"yoast_head":"<!-- This site is optimized with the Yoast SEO plugin v27.5 - https:\/\/yoast.com\/product\/yoast-seo-wordpress\/ -->\n<title>Willkommen - Ehemaliges Weingut Lauf<\/title>\n<meta name=\"description\" content=\"Weingut erhard lauf in Weiler, G\u00e4stezimmer in Weingut, Wohnen im Denkmal Weingut Erhard Lauf.\" \/>\n<meta name=\"robots\" content=\"index, follow, max-snippet:-1, max-image-preview:large, max-video-preview:-1\" \/>\n<link rel=\"canonical\" href=\"https:\/\/weingut-erhard-lauf.de\/\" \/>\n<meta property=\"og:locale\" content=\"de_DE\" \/>\n<meta property=\"og:type\" content=\"article\" \/>\n<meta property=\"og:title\" content=\"Willkommen - Ehemaliges Weingut Lauf\" \/>\n<meta property=\"og:description\" content=\"Weingut erhard lauf in Weiler, G\u00e4stezimmer in Weingut, Wohnen im Denkmal Weingut Erhard Lauf.\" \/>\n<meta property=\"og:url\" content=\"https:\/\/weingut-erhard-lauf.de\/\" \/>\n<meta property=\"og:site_name\" content=\"Ehemaliges Weingut Lauf\" \/>\n<meta property=\"article:modified_time\" content=\"2024-08-01T19:50:40+00:00\" \/>\n<meta property=\"og:image\" content=\"https:\/\/weingut-erhard-lauf.de\/wp-content\/uploads\/2022\/09\/Linie-2-1024x18.gif\" \/>\n<meta name=\"twitter:card\" content=\"summary_large_image\" \/>\n<meta name=\"twitter:label1\" content=\"Gesch\u00e4tzte Lesezeit\" \/>\n\t<meta name=\"twitter:data1\" content=\"1\u00a0Minute\" \/>\n<script type=\"application\/ld+json\" class=\"yoast-schema-graph\">{\"@context\":\"https:\\\/\\\/schema.org\",\"@graph\":[{\"@type\":\"WebPage\",\"@id\":\"https:\\\/\\\/weingut-erhard-lauf.de\\\/\",\"url\":\"https:\\\/\\\/weingut-erhard-lauf.de\\\/\",\"name\":\"Willkommen - Ehemaliges Weingut Lauf\",\"isPartOf\":{\"@id\":\"https:\\\/\\\/weingut-erhard-lauf.de\\\/#website\"},\"primaryImageOfPage\":{\"@id\":\"https:\\\/\\\/weingut-erhard-lauf.de\\\/#primaryimage\"},\"image\":{\"@id\":\"https:\\\/\\\/weingut-erhard-lauf.de\\\/#primaryimage\"},\"thumbnailUrl\":\"https:\\\/\\\/weingut-erhard-lauf.de\\\/wp-content\\\/uploads\\\/2022\\\/09\\\/Linie-2-1024x18.gif\",\"datePublished\":\"2022-08-27T10:26:19+00:00\",\"dateModified\":\"2024-08-01T19:50:40+00:00\",\"description\":\"Weingut erhard lauf in Weiler, G\u00e4stezimmer in Weingut, Wohnen im Denkmal Weingut Erhard Lauf.\",\"breadcrumb\":{\"@id\":\"https:\\\/\\\/weingut-erhard-lauf.de\\\/#breadcrumb\"},\"inLanguage\":\"de\",\"potentialAction\":[{\"@type\":\"ReadAction\",\"target\":[\"https:\\\/\\\/weingut-erhard-lauf.de\\\/\"]}]},{\"@type\":\"ImageObject\",\"inLanguage\":\"de\",\"@id\":\"https:\\\/\\\/weingut-erhard-lauf.de\\\/#primaryimage\",\"url\":\"https:\\\/\\\/weingut-erhard-lauf.de\\\/wp-content\\\/uploads\\\/2022\\\/09\\\/Linie-2.gif\",\"contentUrl\":\"https:\\\/\\\/weingut-erhard-lauf.de\\\/wp-content\\\/uploads\\\/2022\\\/09\\\/Linie-2.gif\",\"width\":1500,\"height\":26},{\"@type\":\"BreadcrumbList\",\"@id\":\"https:\\\/\\\/weingut-erhard-lauf.de\\\/#breadcrumb\",\"itemListElement\":[{\"@type\":\"ListItem\",\"position\":1,\"name\":\"Startseite\",\"item\":\"https:\\\/\\\/weingut-erhard-lauf.de\\\/\"},{\"@type\":\"ListItem\",\"position\":2,\"name\":\"Willkommen\"}]},{\"@type\":\"WebSite\",\"@id\":\"https:\\\/\\\/weingut-erhard-lauf.de\\\/#website\",\"url\":\"https:\\\/\\\/weingut-erhard-lauf.de\\\/\",\"name\":\"Ehemaliges Weingut Lauf\",\"description\":\"G\u00e4stezimmer\",\"potentialAction\":[{\"@type\":\"SearchAction\",\"target\":{\"@type\":\"EntryPoint\",\"urlTemplate\":\"https:\\\/\\\/weingut-erhard-lauf.de\\\/?s={search_term_string}\"},\"query-input\":{\"@type\":\"PropertyValueSpecification\",\"valueRequired\":true,\"valueName\":\"search_term_string\"}}],\"inLanguage\":\"de\"}]}<\/script>\n<!-- \/ Yoast SEO plugin. -->","yoast_head_json":{"title":"Willkommen - Ehemaliges Weingut Lauf","description":"Weingut erhard lauf in Weiler, G\u00e4stezimmer in Weingut, Wohnen im Denkmal Weingut Erhard Lauf.","robots":{"index":"index","follow":"follow","max-snippet":"max-snippet:-1","max-image-preview":"max-image-preview:large","max-video-preview":"max-video-preview:-1"},"canonical":"https:\/\/weingut-erhard-lauf.de\/","og_locale":"de_DE","og_type":"article","og_title":"Willkommen - Ehemaliges Weingut Lauf","og_description":"Weingut erhard lauf in Weiler, G\u00e4stezimmer in Weingut, Wohnen im Denkmal Weingut Erhard Lauf.","og_url":"https:\/\/weingut-erhard-lauf.de\/","og_site_name":"Ehemaliges Weingut Lauf","article_modified_time":"2024-08-01T19:50:40+00:00","og_image":[{"url":"https:\/\/weingut-erhard-lauf.de\/wp-content\/uploads\/2022\/09\/Linie-2-1024x18.gif","type":"","width":"","height":""}],"twitter_card":"summary_large_image","twitter_misc":{"Gesch\u00e4tzte Lesezeit":"1\u00a0Minute"},"schema":{"@context":"https:\/\/schema.org","@graph":[{"@type":"WebPage","@id":"https:\/\/weingut-erhard-lauf.de\/","url":"https:\/\/weingut-erhard-lauf.de\/","name":"Willkommen - Ehemaliges Weingut Lauf","isPartOf":{"@id":"https:\/\/weingut-erhard-lauf.de\/#website"},"primaryImageOfPage":{"@id":"https:\/\/weingut-erhard-lauf.de\/#primaryimage"},"image":{"@id":"https:\/\/weingut-erhard-lauf.de\/#primaryimage"},"thumbnailUrl":"https:\/\/weingut-erhard-lauf.de\/wp-content\/uploads\/2022\/09\/Linie-2-1024x18.gif","datePublished":"2022-08-27T10:26:19+00:00","dateModified":"2024-08-01T19:50:40+00:00","description":"Weingut erhard lauf in Weiler, G\u00e4stezimmer in Weingut, Wohnen im Denkmal Weingut Erhard Lauf.","breadcrumb":{"@id":"https:\/\/weingut-erhard-lauf.de\/#breadcrumb"},"inLanguage":"de","potentialAction":[{"@type":"ReadAction","target":["https:\/\/weingut-erhard-lauf.de\/"]}]},{"@type":"ImageObject","inLanguage":"de","@id":"https:\/\/weingut-erhard-lauf.de\/#primaryimage","url":"https:\/\/weingut-erhard-lauf.de\/wp-content\/uploads\/2022\/09\/Linie-2.gif","contentUrl":"https:\/\/weingut-erhard-lauf.de\/wp-content\/uploads\/2022\/09\/Linie-2.gif","width":1500,"height":26},{"@type":"BreadcrumbList","@id":"https:\/\/weingut-erhard-lauf.de\/#breadcrumb","itemListElement":[{"@type":"ListItem","position":1,"name":"Startseite","item":"https:\/\/weingut-erhard-lauf.de\/"},{"@type":"ListItem","position":2,"name":"Willkommen"}]},{"@type":"WebSite","@id":"https:\/\/weingut-erhard-lauf.de\/#website","url":"https:\/\/weingut-erhard-lauf.de\/","name":"Ehemaliges Weingut Lauf","description":"G\u00e4stezimmer","potentialAction":[{"@type":"SearchAction","target":{"@type":"EntryPoint","urlTemplate":"https:\/\/weingut-erhard-lauf.de\/?s={search_term_string}"},"query-input":{"@type":"PropertyValueSpecification","valueRequired":true,"valueName":"search_term_string"}}],"inLanguage":"de"}]}},"_links":{"self":[{"href":"https:\/\/weingut-erhard-lauf.de\/index.php\/wp-json\/wp\/v2\/pages\/2","targetHints":{"allow":["GET"]}}],"collection":[{"href":"https:\/\/weingut-erhard-lauf.de\/index.php\/wp-json\/wp\/v2\/pages"}],"about":[{"href":"https:\/\/weingut-erhard-lauf.de\/index.php\/wp-json\/wp\/v2\/types\/page"}],"author":[{"embeddable":true,"href":"https:\/\/weingut-erhard-lauf.de\/index.php\/wp-json\/wp\/v2\/users\/1"}],"replies":[{"embeddable":true,"href":"https:\/\/weingut-erhard-lauf.de\/index.php\/wp-json\/wp\/v2\/comments?post=2"}],"version-history":[{"count":18,"href":"https:\/\/weingut-erhard-lauf.de\/index.php\/wp-json\/wp\/v2\/pages\/2\/revisions"}],"predecessor-version":[{"id":505,"href":"https:\/\/weingut-erhard-lauf.de\/index.php\/wp-json\/wp\/v2\/pages\/2\/revisions\/505"}],"wp:attachment":[{"href":"https:\/\/weingut-erhard-lauf.de\/index.php\/wp-json\/wp\/v2\/media?parent=2"}],"curies":[{"name":"wp","href":"https:\/\/api.w.org\/{rel}","templated":true}]}}