{"id":21,"date":"2022-08-27T11:33:43","date_gmt":"2022-08-27T11:33:43","guid":{"rendered":"https:\/\/weingut-erhard-lauf.de\/?page_id=21"},"modified":"2022-12-19T11:16:44","modified_gmt":"2022-12-19T11:16:44","slug":"kontakt","status":"publish","type":"page","link":"https:\/\/weingut-erhard-lauf.de\/index.php\/kontakt\/","title":{"rendered":"Anfahrt &#038; Kontakt"},"content":{"rendered":"\n<figure class=\"wp-block-image size-large\"><img loading=\"lazy\" decoding=\"async\" width=\"1024\" height=\"18\" src=\"https:\/\/weingut-erhard-lauf.de\/wp-content\/uploads\/2022\/09\/Linie-1024x18.jpg\" alt=\"\" class=\"wp-image-348\" srcset=\"https:\/\/weingut-erhard-lauf.de\/wp-content\/uploads\/2022\/09\/Linie-1024x18.jpg 1024w, https:\/\/weingut-erhard-lauf.de\/wp-content\/uploads\/2022\/09\/Linie-300x5.jpg 300w, https:\/\/weingut-erhard-lauf.de\/wp-content\/uploads\/2022\/09\/Linie-768x13.jpg 768w, https:\/\/weingut-erhard-lauf.de\/wp-content\/uploads\/2022\/09\/Linie-1536x27.jpg 1536w, https:\/\/weingut-erhard-lauf.de\/wp-content\/uploads\/2022\/09\/Linie-2048x36.jpg 2048w\" sizes=\"auto, (max-width: 767px) 89vw, (max-width: 1000px) 54vw, (max-width: 1071px) 543px, 580px\" \/><\/figure>\n\n\n\n<div class=\"wp-block-columns is-layout-flex wp-container-core-columns-is-layout-9d6595d7 wp-block-columns-is-layout-flex\">\n<div class=\"wp-block-column is-layout-flow wp-block-column-is-layout-flow\" style=\"flex-basis:33.33%\">\n<p class=\"has-black-color has-text-color has-medium-font-size\">Weingut<br>Erhard Lauf<br>Hauptstra\u00dfe 14<br>55627 Weiler\/Monzigen<br><strong>Fon.: 06754 &#8211; 645<\/strong><br>Fax.: 06754 &#8211; 96 35 72<\/p>\n\n\n\n<figure class=\"wp-block-image size-full\"><img loading=\"lazy\" decoding=\"async\" width=\"300\" height=\"228\" src=\"https:\/\/weingut-erhard-lauf.de\/wp-content\/uploads\/2022\/08\/schild.png\" alt=\"\" class=\"wp-image-129\"\/><\/figure>\n<\/div>\n\n\n\n<div class=\"wp-block-column is-layout-flow wp-block-column-is-layout-flow\" style=\"flex-basis:66.66%\">\n<p class=\"has-text-align-center has-black-color has-text-color has-medium-font-size\">So finden Sie uns<\/p>\n\n\n\n<figure class=\"wp-block-image size-full\"><img loading=\"lazy\" decoding=\"async\" width=\"778\" height=\"532\" src=\"https:\/\/weingut-erhard-lauf.de\/wp-content\/uploads\/2022\/12\/osm-karte-bild-1.jpg\" alt=\"\" class=\"wp-image-410\" srcset=\"https:\/\/weingut-erhard-lauf.de\/wp-content\/uploads\/2022\/12\/osm-karte-bild-1.jpg 778w, https:\/\/weingut-erhard-lauf.de\/wp-content\/uploads\/2022\/12\/osm-karte-bild-1-300x205.jpg 300w, https:\/\/weingut-erhard-lauf.de\/wp-content\/uploads\/2022\/12\/osm-karte-bild-1-768x525.jpg 768w\" sizes=\"auto, (max-width: 767px) 89vw, (max-width: 1000px) 54vw, (max-width: 1071px) 543px, 580px\" \/><\/figure>\n\n\n\n<p><a href=\"https:\/\/www.openstreetmap.org\/?mlat=49.80827&amp;mlon=7.56003#map=17\/49.80828\/7.56003\" target=\"_blank\" rel=\"noreferrer noopener\">Adresse bei OpenStreetMap abrufen (externer Link)<\/a><\/p>\n<\/div>\n<\/div>\n\n\n\n<p class=\"has-black-color has-text-color has-medium-font-size\">Bitte geben Sie hier Ihre Kontaktdaten ein.<\/p>\n\n\n\n<p class=\"has-vivid-red-color has-text-color has-medium-font-size\">mit * gekennzeichnete Felder sind Pflichtfelder<\/p>\n\n\n\n<div class=\"wp-block-contact-form-7-contact-form-selector\">\n<div class=\"wpcf7 no-js\" id=\"wpcf7-f401-o1\" lang=\"de-DE\" dir=\"ltr\" data-wpcf7-id=\"401\">\n<div class=\"screen-reader-response\"><p role=\"status\" aria-live=\"polite\" aria-atomic=\"true\"><\/p> <ul><\/ul><\/div>\n<form action=\"\/index.php\/wp-json\/wp\/v2\/pages\/21#wpcf7-f401-o1\" method=\"post\" class=\"wpcf7-form init\" aria-label=\"Kontaktformular\" novalidate=\"novalidate\" data-status=\"init\">\n<fieldset class=\"hidden-fields-container\"><input type=\"hidden\" name=\"_wpcf7\" value=\"401\" \/><input type=\"hidden\" name=\"_wpcf7_version\" value=\"6.1.5\" \/><input type=\"hidden\" name=\"_wpcf7_locale\" value=\"de_DE\" \/><input type=\"hidden\" name=\"_wpcf7_unit_tag\" value=\"wpcf7-f401-o1\" \/><input type=\"hidden\" name=\"_wpcf7_container_post\" value=\"0\" \/><input type=\"hidden\" name=\"_wpcf7_posted_data_hash\" value=\"\" \/><input type=\"hidden\" name=\"_wpcf7_recaptcha_response\" value=\"\" \/>\n<\/fieldset>\n<p><label> Anrede*<br \/>\n<span class=\"wpcf7-form-control-wrap\" data-name=\"Anrede\"><select class=\"wpcf7-form-control wpcf7-select wpcf7-validates-as-required\" aria-required=\"true\" aria-invalid=\"false\" name=\"Anrede\"><option value=\"Bitte W\u00e4hlen\">Bitte W\u00e4hlen<\/option><option value=\"Frau\">Frau<\/option><option value=\"Herr\">Herr<\/option><\/select><\/span> <\/label>\n<\/p>\n<p><label> Name*<br \/>\n<span class=\"wpcf7-form-control-wrap\" data-name=\"Nachname\"><input size=\"40\" maxlength=\"400\" class=\"wpcf7-form-control wpcf7-text wpcf7-validates-as-required\" aria-required=\"true\" aria-invalid=\"false\" placeholder=\"Nachname\" value=\"\" type=\"text\" name=\"Nachname\" \/><\/span> <\/label>\n<\/p>\n<p><label> Vorname*<br \/>\n<span class=\"wpcf7-form-control-wrap\" data-name=\"Vorname\"><input size=\"40\" maxlength=\"400\" class=\"wpcf7-form-control wpcf7-text wpcf7-validates-as-required\" aria-required=\"true\" aria-invalid=\"false\" placeholder=\"Vorname\" value=\"\" type=\"text\" name=\"Vorname\" \/><\/span> <\/label>\n<\/p>\n<p><label> E-Mail-Adresse*<br \/>\n<span class=\"wpcf7-form-control-wrap\" data-name=\"Email-1\"><input size=\"40\" maxlength=\"400\" class=\"wpcf7-form-control wpcf7-email wpcf7-validates-as-required wpcf7-text wpcf7-validates-as-email\" aria-required=\"true\" aria-invalid=\"false\" placeholder=\"z.B. muster@mustermann.de\" value=\"\" type=\"email\" name=\"Email-1\" \/><\/span> <\/label>\n<\/p>\n<p><label> Telefonnummer*<br \/>\n<span class=\"wpcf7-form-control-wrap\" data-name=\"tel-kontakt\"><input size=\"40\" maxlength=\"400\" class=\"wpcf7-form-control wpcf7-tel wpcf7-validates-as-required wpcf7-text wpcf7-validates-as-tel\" aria-required=\"true\" aria-invalid=\"false\" placeholder=\"z.B. 06754 - 12345\" value=\"\" type=\"tel\" name=\"tel-kontakt\" \/><\/span> <\/label>\n<\/p>\n<p><label> Betreff*<br \/>\n<span class=\"wpcf7-form-control-wrap\" data-name=\"your-subject\"><input size=\"40\" maxlength=\"400\" class=\"wpcf7-form-control wpcf7-text wpcf7-validates-as-required\" aria-required=\"true\" aria-invalid=\"false\" value=\"\" type=\"text\" name=\"your-subject\" \/><\/span> <\/label>\n<\/p>\n<p><label> Nachricht an Angela Lauf (optional)<br \/>\n<span class=\"wpcf7-form-control-wrap\" data-name=\"your-message\"><textarea cols=\"40\" rows=\"10\" maxlength=\"2000\" class=\"wpcf7-form-control wpcf7-textarea\" aria-invalid=\"false\" name=\"your-message\"><\/textarea><\/span> <\/label>\n<\/p>\n<p><span class=\"wpcf7-form-control-wrap\" data-name=\"acceptance-226\"><span class=\"wpcf7-form-control wpcf7-acceptance\"><span class=\"wpcf7-list-item\"><label><input type=\"checkbox\" name=\"acceptance-226\" value=\"1\" aria-invalid=\"false\" \/><span class=\"wpcf7-list-item-label\">* Ich habe die Datenschutzerk\u00e4rung unter www.weingut-erhard-lauf.de\/Datenschutz zur Kenntnis genommen. Ich Stimme zu, dass meine Angaben zur Kontaktaufnahme und f\u00fcr R\u00fcckfragen gespeichert werden. Hinweis: Sie k\u00f6nnen Ihre Einwilligung jederzeit f\u00fcr die Zukunft per Mail an info@weingut-erhard-lauf.de widerrufen.<\/span><\/label><\/span><\/span><\/span>\n<\/p>\n<p>* Pflichtfelder\n<\/p>\n\n<p><input class=\"wpcf7-form-control wpcf7-submit has-spinner\" type=\"submit\" value=\"Senden\" \/>\n<\/p><div class=\"wpcf7-response-output\" aria-hidden=\"true\"><\/div>\n<\/form>\n<\/div>\n<\/div>\n\n\n<div class=\"wp-block-image\">\n<figure class=\"aligncenter size-large\"><img loading=\"lazy\" decoding=\"async\" width=\"1024\" height=\"18\" src=\"https:\/\/weingut-erhard-lauf.de\/wp-content\/uploads\/2022\/09\/Linie-1024x18.jpg\" alt=\"\" class=\"wp-image-348\" srcset=\"https:\/\/weingut-erhard-lauf.de\/wp-content\/uploads\/2022\/09\/Linie-1024x18.jpg 1024w, https:\/\/weingut-erhard-lauf.de\/wp-content\/uploads\/2022\/09\/Linie-300x5.jpg 300w, https:\/\/weingut-erhard-lauf.de\/wp-content\/uploads\/2022\/09\/Linie-768x13.jpg 768w, https:\/\/weingut-erhard-lauf.de\/wp-content\/uploads\/2022\/09\/Linie-1536x27.jpg 1536w, https:\/\/weingut-erhard-lauf.de\/wp-content\/uploads\/2022\/09\/Linie-2048x36.jpg 2048w\" sizes=\"auto, (max-width: 767px) 89vw, (max-width: 1000px) 54vw, (max-width: 1071px) 543px, 580px\" \/><\/figure>\n<\/div>","protected":false},"excerpt":{"rendered":"<p>WeingutErhard LaufHauptstra\u00dfe 1455627 Weiler\/MonzigenFon.: 06754 &#8211; 645Fax.: 06754 &#8211; 96 35 72 So finden Sie uns Adresse bei OpenStreetMap abrufen (externer Link) Bitte geben Sie hier Ihre Kontaktdaten ein. mit * gekennzeichnete Felder sind Pflichtfelder<\/p>\n","protected":false},"author":1,"featured_media":0,"parent":0,"menu_order":0,"comment_status":"closed","ping_status":"closed","template":"","meta":{"ngg_post_thumbnail":0,"footnotes":""},"class_list":["post-21","page","type-page","status-publish","hentry"],"yoast_head":"<!-- This site is optimized with the Yoast SEO plugin v27.5 - https:\/\/yoast.com\/product\/yoast-seo-wordpress\/ -->\n<title>Anfahrt &amp; Kontakt - Ehemaliges Weingut Lauf<\/title>\n<meta name=\"robots\" content=\"index, follow, max-snippet:-1, max-image-preview:large, max-video-preview:-1\" \/>\n<link rel=\"canonical\" href=\"https:\/\/weingut-erhard-lauf.de\/index.php\/kontakt\/\" \/>\n<meta property=\"og:locale\" content=\"de_DE\" \/>\n<meta property=\"og:type\" content=\"article\" \/>\n<meta property=\"og:title\" content=\"Anfahrt &amp; Kontakt - Ehemaliges Weingut Lauf\" \/>\n<meta property=\"og:description\" content=\"WeingutErhard LaufHauptstra\u00dfe 1455627 Weiler\/MonzigenFon.: 06754 &#8211; 645Fax.: 06754 &#8211; 96 35 72 So finden Sie uns Adresse bei OpenStreetMap abrufen (externer Link) Bitte geben Sie hier Ihre Kontaktdaten ein. mit * gekennzeichnete Felder sind Pflichtfelder\" \/>\n<meta property=\"og:url\" content=\"https:\/\/weingut-erhard-lauf.de\/index.php\/kontakt\/\" \/>\n<meta property=\"og:site_name\" content=\"Ehemaliges Weingut Lauf\" \/>\n<meta property=\"article:modified_time\" content=\"2022-12-19T11:16:44+00:00\" \/>\n<meta property=\"og:image\" content=\"https:\/\/weingut-erhard-lauf.de\/wp-content\/uploads\/2022\/09\/Linie-1024x18.jpg\" \/>\n<meta name=\"twitter:card\" content=\"summary_large_image\" \/>\n<script type=\"application\/ld+json\" class=\"yoast-schema-graph\">{\"@context\":\"https:\\\/\\\/schema.org\",\"@graph\":[{\"@type\":\"WebPage\",\"@id\":\"https:\\\/\\\/weingut-erhard-lauf.de\\\/index.php\\\/kontakt\\\/\",\"url\":\"https:\\\/\\\/weingut-erhard-lauf.de\\\/index.php\\\/kontakt\\\/\",\"name\":\"Anfahrt & Kontakt - Ehemaliges Weingut Lauf\",\"isPartOf\":{\"@id\":\"https:\\\/\\\/weingut-erhard-lauf.de\\\/#website\"},\"primaryImageOfPage\":{\"@id\":\"https:\\\/\\\/weingut-erhard-lauf.de\\\/index.php\\\/kontakt\\\/#primaryimage\"},\"image\":{\"@id\":\"https:\\\/\\\/weingut-erhard-lauf.de\\\/index.php\\\/kontakt\\\/#primaryimage\"},\"thumbnailUrl\":\"https:\\\/\\\/weingut-erhard-lauf.de\\\/wp-content\\\/uploads\\\/2022\\\/09\\\/Linie-1024x18.jpg\",\"datePublished\":\"2022-08-27T11:33:43+00:00\",\"dateModified\":\"2022-12-19T11:16:44+00:00\",\"breadcrumb\":{\"@id\":\"https:\\\/\\\/weingut-erhard-lauf.de\\\/index.php\\\/kontakt\\\/#breadcrumb\"},\"inLanguage\":\"de\",\"potentialAction\":[{\"@type\":\"ReadAction\",\"target\":[\"https:\\\/\\\/weingut-erhard-lauf.de\\\/index.php\\\/kontakt\\\/\"]}]},{\"@type\":\"ImageObject\",\"inLanguage\":\"de\",\"@id\":\"https:\\\/\\\/weingut-erhard-lauf.de\\\/index.php\\\/kontakt\\\/#primaryimage\",\"url\":\"https:\\\/\\\/weingut-erhard-lauf.de\\\/wp-content\\\/uploads\\\/2022\\\/09\\\/Linie-1024x18.jpg\",\"contentUrl\":\"https:\\\/\\\/weingut-erhard-lauf.de\\\/wp-content\\\/uploads\\\/2022\\\/09\\\/Linie-1024x18.jpg\"},{\"@type\":\"BreadcrumbList\",\"@id\":\"https:\\\/\\\/weingut-erhard-lauf.de\\\/index.php\\\/kontakt\\\/#breadcrumb\",\"itemListElement\":[{\"@type\":\"ListItem\",\"position\":1,\"name\":\"Startseite\",\"item\":\"https:\\\/\\\/weingut-erhard-lauf.de\\\/\"},{\"@type\":\"ListItem\",\"position\":2,\"name\":\"Anfahrt &#038; Kontakt\"}]},{\"@type\":\"WebSite\",\"@id\":\"https:\\\/\\\/weingut-erhard-lauf.de\\\/#website\",\"url\":\"https:\\\/\\\/weingut-erhard-lauf.de\\\/\",\"name\":\"Ehemaliges Weingut Lauf\",\"description\":\"G\u00e4stezimmer\",\"potentialAction\":[{\"@type\":\"SearchAction\",\"target\":{\"@type\":\"EntryPoint\",\"urlTemplate\":\"https:\\\/\\\/weingut-erhard-lauf.de\\\/?s={search_term_string}\"},\"query-input\":{\"@type\":\"PropertyValueSpecification\",\"valueRequired\":true,\"valueName\":\"search_term_string\"}}],\"inLanguage\":\"de\"}]}<\/script>\n<!-- \/ Yoast SEO plugin. -->","yoast_head_json":{"title":"Anfahrt & Kontakt - Ehemaliges Weingut Lauf","robots":{"index":"index","follow":"follow","max-snippet":"max-snippet:-1","max-image-preview":"max-image-preview:large","max-video-preview":"max-video-preview:-1"},"canonical":"https:\/\/weingut-erhard-lauf.de\/index.php\/kontakt\/","og_locale":"de_DE","og_type":"article","og_title":"Anfahrt & Kontakt - Ehemaliges Weingut Lauf","og_description":"WeingutErhard LaufHauptstra\u00dfe 1455627 Weiler\/MonzigenFon.: 06754 &#8211; 645Fax.: 06754 &#8211; 96 35 72 So finden Sie uns Adresse bei OpenStreetMap abrufen (externer Link) Bitte geben Sie hier Ihre Kontaktdaten ein. mit * gekennzeichnete Felder sind Pflichtfelder","og_url":"https:\/\/weingut-erhard-lauf.de\/index.php\/kontakt\/","og_site_name":"Ehemaliges Weingut Lauf","article_modified_time":"2022-12-19T11:16:44+00:00","og_image":[{"url":"https:\/\/weingut-erhard-lauf.de\/wp-content\/uploads\/2022\/09\/Linie-1024x18.jpg","type":"","width":"","height":""}],"twitter_card":"summary_large_image","schema":{"@context":"https:\/\/schema.org","@graph":[{"@type":"WebPage","@id":"https:\/\/weingut-erhard-lauf.de\/index.php\/kontakt\/","url":"https:\/\/weingut-erhard-lauf.de\/index.php\/kontakt\/","name":"Anfahrt & Kontakt - Ehemaliges Weingut Lauf","isPartOf":{"@id":"https:\/\/weingut-erhard-lauf.de\/#website"},"primaryImageOfPage":{"@id":"https:\/\/weingut-erhard-lauf.de\/index.php\/kontakt\/#primaryimage"},"image":{"@id":"https:\/\/weingut-erhard-lauf.de\/index.php\/kontakt\/#primaryimage"},"thumbnailUrl":"https:\/\/weingut-erhard-lauf.de\/wp-content\/uploads\/2022\/09\/Linie-1024x18.jpg","datePublished":"2022-08-27T11:33:43+00:00","dateModified":"2022-12-19T11:16:44+00:00","breadcrumb":{"@id":"https:\/\/weingut-erhard-lauf.de\/index.php\/kontakt\/#breadcrumb"},"inLanguage":"de","potentialAction":[{"@type":"ReadAction","target":["https:\/\/weingut-erhard-lauf.de\/index.php\/kontakt\/"]}]},{"@type":"ImageObject","inLanguage":"de","@id":"https:\/\/weingut-erhard-lauf.de\/index.php\/kontakt\/#primaryimage","url":"https:\/\/weingut-erhard-lauf.de\/wp-content\/uploads\/2022\/09\/Linie-1024x18.jpg","contentUrl":"https:\/\/weingut-erhard-lauf.de\/wp-content\/uploads\/2022\/09\/Linie-1024x18.jpg"},{"@type":"BreadcrumbList","@id":"https:\/\/weingut-erhard-lauf.de\/index.php\/kontakt\/#breadcrumb","itemListElement":[{"@type":"ListItem","position":1,"name":"Startseite","item":"https:\/\/weingut-erhard-lauf.de\/"},{"@type":"ListItem","position":2,"name":"Anfahrt &#038; Kontakt"}]},{"@type":"WebSite","@id":"https:\/\/weingut-erhard-lauf.de\/#website","url":"https:\/\/weingut-erhard-lauf.de\/","name":"Ehemaliges Weingut Lauf","description":"G\u00e4stezimmer","potentialAction":[{"@type":"SearchAction","target":{"@type":"EntryPoint","urlTemplate":"https:\/\/weingut-erhard-lauf.de\/?s={search_term_string}"},"query-input":{"@type":"PropertyValueSpecification","valueRequired":true,"valueName":"search_term_string"}}],"inLanguage":"de"}]}},"_links":{"self":[{"href":"https:\/\/weingut-erhard-lauf.de\/index.php\/wp-json\/wp\/v2\/pages\/21","targetHints":{"allow":["GET"]}}],"collection":[{"href":"https:\/\/weingut-erhard-lauf.de\/index.php\/wp-json\/wp\/v2\/pages"}],"about":[{"href":"https:\/\/weingut-erhard-lauf.de\/index.php\/wp-json\/wp\/v2\/types\/page"}],"author":[{"embeddable":true,"href":"https:\/\/weingut-erhard-lauf.de\/index.php\/wp-json\/wp\/v2\/users\/1"}],"replies":[{"embeddable":true,"href":"https:\/\/weingut-erhard-lauf.de\/index.php\/wp-json\/wp\/v2\/comments?post=21"}],"version-history":[{"count":22,"href":"https:\/\/weingut-erhard-lauf.de\/index.php\/wp-json\/wp\/v2\/pages\/21\/revisions"}],"predecessor-version":[{"id":428,"href":"https:\/\/weingut-erhard-lauf.de\/index.php\/wp-json\/wp\/v2\/pages\/21\/revisions\/428"}],"wp:attachment":[{"href":"https:\/\/weingut-erhard-lauf.de\/index.php\/wp-json\/wp\/v2\/media?parent=21"}],"curies":[{"name":"wp","href":"https:\/\/api.w.org\/{rel}","templated":true}]}}