{"id":64,"date":"2022-08-27T18:05:05","date_gmt":"2022-08-27T18:05:05","guid":{"rendered":"https:\/\/weingut-erhard-lauf.de\/?page_id=64"},"modified":"2022-09-05T18:24:02","modified_gmt":"2022-09-05T18:24:02","slug":"agb","status":"publish","type":"page","link":"https:\/\/weingut-erhard-lauf.de\/index.php\/agb\/","title":{"rendered":"AGB"},"content":{"rendered":"\n<p class=\"has-black-color has-text-color\"><em>Allgemeine Gesch\u00e4ftsbedingungen<\/em><br><\/p>\n\n\n\n<p class=\"has-text-align-left has-black-color has-text-color has-medium-font-size\"><strong>Bei Stornierung:<\/strong><\/p>\n\n\n\n<ul class=\"has-black-color has-text-color wp-block-list\"><li>Zugang der Stornierungsmitteilung 7 bis 10 Tage vor der gebuchten \u00dcbernachtung \u2013 50% des Preises pro \u00dcbernachtung<\/li><li>Zugang der Stornierungsmitteilung 1 bis 7 Tage vor der gebuchten \u00dcbernachtung \u2013 75% des Preises pro \u00dcbernachtung<\/li><li>Zugang der Stornierungsmitteilung weniger als 24 Stunden vor der gebuchten \u00dcbernachtung \u2013 90% des Preises pro \u00dcbernachtung<\/li><li>Nicht Erscheinen wird zu 100% berechnet<\/li><\/ul>\n\n\n\n<p class=\"has-black-color has-text-color\">Die Kosten f\u00fcr gebuchtes Fr\u00fchst\u00fcck werden bei Stornierung nicht berechnet<\/p>\n\n\n\n<p class=\"has-medium-font-size\"><strong>Versand<\/strong><\/p>\n\n\n\n<p class=\"has-black-color has-text-color\">Ihr Auftrag wird per E-Mail best\u00e4tigt.<\/p>\n\n\n\n<p class=\"has-black-color has-text-color\">Im Preis sind gesetzlichen MwSt., der Sektsteuer und Verpackung enthalten.<br>Verpackung in&nbsp; 12er Kartons.<br>Zahlbar sofort nach Rechnungserhalt rein netto Kasse.<\/p>\n\n\n\n<p class=\"has-black-color has-text-color\">Bis zur vollst\u00e4ndigen Bezahlung bleibt die gelieferte Ware unser Eigentum.<\/p>\n\n\n\n<p class=\"has-black-color has-text-color\">Ist mit Ihnen eine Lieferung abgesprochen, die jedoch nicht ordnungsgem\u00e4\u00df erfolgt, Terminverzug hat oder besch\u00e4digt, benachrichtigen Sie uns bitte schnellstm\u00f6glich.<\/p>\n\n\n\n<p class=\"has-black-color has-text-color\">Auf Wunsch beliefern wir Sie ohne Aufpreis im gesamten Bundesgebiet, bzw. erhalten Sie die Lieferung durch Paketversand.<\/p>\n\n\n\n<p class=\"has-black-color has-text-color\">Bei Abholung im Weingut gew\u00e4hren wir Ihnen einen Rabatt von 1,50 Euro pro Flasche.<\/p>\n\n\n\n<p class=\"has-black-color has-text-color\">Wir sind gesetzlich verpflichtet, keinen Alkohol an Minderj\u00e4hrige zu verkaufen und dieses auch zu \u00fcberpr\u00fcfen. <br>Erf\u00fcllungsort ist Weiler bei Monzingen, Gerichtsstand Bad Kreuznach.<\/p>\n\n\n\n<figure class=\"wp-block-table\"><table class=\"has-black-color has-text-color\"><tbody><tr><td><strong>Widerrufsbelehrung<\/strong><\/td><\/tr><tr><td>Liebe Kundinnen, liebe Kunden,<br>wir weisen Sie ausdr\u00fccklich darauf hin, dass Sie als Verbraucher ein Widerrufsrecht haben.<\/td><\/tr><tr><td><strong><em>Widerrufsrecht<\/em><\/strong> <br>Sie haben das Recht, binnen vierzehn Tagen ohne Angabe von Gr\u00fcnden diesen Vertrag zu widerrufen. Die Widerrufsfrist betr\u00e4gt vierzehn Tage ab dem Tag, an dem Sie oder ein von Ihnen benannter Dritter, der nicht der Bef\u00f6rderer ist, die letzte Ware in Besitz genommen haben bzw. hat.<br>Um Ihr Widerrufsrecht auszu\u00fcben, m\u00fcssen Sie uns dem Weingut Erhard Lauf mittels einer eindeutigen Erkl\u00e4rung (z.B. ein mit der\u00a0 Post versandter Brief, Telefax oder E-Mail) \u00fcber Ihren Entschluss, diesen Vertrag zu widerrufen, informieren.<br>Sie k\u00f6nnen daf\u00fcr das <strong><a href=\"https:\/\/weingut-erhard-lauf.de\/wp-content\/uploads\/2022\/08\/Widerrufsformular.pdf\">Muster-Widerrufsformular<\/a><\/strong> verwenden, das jedoch nicht vorgeschrieben ist. <br>Weingut Erhard Lauf<br>Hauptstra\u00dfe 14<br>55627 Weiler bei Monzigen<br>Fon.: 06754 &#8211; 645<br>Fax.: 06754 &#8211; 96 35 72<br>oder per E-Mail an: <a href=\"mailto:info@weingut-erhard-lauf.de\">info@weingut-erhard-lauf.de<\/a> <br><em><strong>Widerrufsfolgen<\/strong><\/em> Wenn Sie diesen Vertag widerrufen, haben wir Ihnen alle Zahlungen, die wir von Ihnen erhalten haben, einschlie\u00dflich der Lieferkosten (mit Ausnahme der zus\u00e4tzlichen Kosten, die sich daraus ergeben, dass Sie eine andere Art der Lieferung als die von uns angebotene, g\u00fcnstigste Standardlieferung gew\u00e4hlt haben),\u00a0 unverz\u00fcglich und sp\u00e4testens binnen vierzehn Tagen ab dem Tag zur\u00fcckzahlen, an dem die Mitteilung \u00fcber Ihren Widerruf dieses Vertrags bei eingegangen ist. F\u00fcr diese R\u00fcckzahlung verwenden wir dasselbe Zahlungsmittel, das Sie bei der urspr\u00fcnglichen Transaktion eingesetzt haben, es sei denn, mit Ihnen wurde ausdr\u00fccklich etwas anderes vereinbart; in keinem Fall werden Ihnen wegen dieser R\u00fcckzahlung Entgelte berechnet. Wir k\u00f6nnen die R\u00fcckzahlung verweigern, bis wir die Waren wieder zur\u00fcckerhalten haben oder bis Sie den Nachweis erbracht haben, dass Sie die Waren zur\u00fcckgesandt haben, je nachdem, welches der fr\u00fchere Zeitpunkt ist. Sie haben die Waren unverz\u00fcglich und in jedem Fall sp\u00e4testens binnen vierzehn Tagen ab dem Tag, an dem Sie uns \u00fcber den Widerruf dieses Vertrags unterrichten, an uns zur\u00fcckzusenden oder zu \u00fcbergeben. Die Frist ist gewahrt, wenn Sie die Waren vor Ablauf der Frist von vierzehn Tagen absenden, Sie tragen die unmittelbaren Kosten der R\u00fccksendung der Waren. Sie m\u00fcssen f\u00fcr einen etwaigen Wertverlust der Waren nur aufkommen, denn dieser Wertverlust auf einen zur Pr\u00fcfung der Beschaffenheit, Eigenschaften und Funktionsweise der Waren nicht notwendigen Umgang mit Ihnen zur\u00fcckzuf\u00fchren ist. Im \u00dcbrigen k\u00f6nnen Sie die Wertersatzpflicht vermeiden, indem Sie die Ware nicht wie ein Eigent\u00fcmer in Gebrauch nehmen und alles unterlassen, was deren Wert beeintr\u00e4chtigt. Vom Widerruf ausgeschlossen sind Waren, die aufgrund ihrer Beschaffenheit nicht f\u00fcr eine R\u00fccksendung geeignet sind oder schnell verderben k\u00f6nnen, insbesondere Flaschen, die von Ihnen ge\u00f6ffnet wurden. <br><strong><em>Widerrufsformular<\/em><\/strong><br>Wenn Sie den Vertrag widerrufen wollen, dann f\u00fcllen Sie bitte das <a href=\"https:\/\/weingut-erhard-lauf.de\/wp-content\/uploads\/2022\/08\/Widerrufsformular.pdf\"><strong>Widerrufsformular<\/strong> <\/a>aus und senden es zur\u00fcck. (Steht als PDF-Datei zu Ihrer Verf\u00fcgung). <br> <em>Ende der Widerrufsbelehrung<\/em><\/td><\/tr><\/tbody><\/table><\/figure>\n","protected":false},"excerpt":{"rendered":"<p>Allgemeine Gesch\u00e4ftsbedingungen Bei Stornierung: Zugang der Stornierungsmitteilung 7 bis 10 Tage vor der gebuchten \u00dcbernachtung \u2013 50% des Preises pro \u00dcbernachtung Zugang der Stornierungsmitteilung 1 bis 7 Tage vor der gebuchten \u00dcbernachtung \u2013 75% des Preises pro \u00dcbernachtung Zugang der Stornierungsmitteilung weniger als 24 Stunden vor der gebuchten \u00dcbernachtung \u2013 90% des Preises pro \u00dcbernachtung &hellip; <\/p>\n<p class=\"link-more\"><a href=\"https:\/\/weingut-erhard-lauf.de\/index.php\/agb\/\" class=\"more-link\"><span class=\"screen-reader-text\">\u201eAGB\u201c <\/span>weiterlesen<\/a><\/p>\n","protected":false},"author":1,"featured_media":0,"parent":0,"menu_order":0,"comment_status":"closed","ping_status":"closed","template":"","meta":{"ngg_post_thumbnail":0,"footnotes":""},"class_list":["post-64","page","type-page","status-publish","hentry"],"yoast_head":"<!-- This site is optimized with the Yoast SEO plugin v27.5 - https:\/\/yoast.com\/product\/yoast-seo-wordpress\/ -->\n<title>AGB - Ehemaliges Weingut Lauf<\/title>\n<meta name=\"robots\" content=\"index, follow, max-snippet:-1, max-image-preview:large, max-video-preview:-1\" \/>\n<link rel=\"canonical\" href=\"https:\/\/weingut-erhard-lauf.de\/index.php\/agb\/\" \/>\n<meta property=\"og:locale\" content=\"de_DE\" \/>\n<meta property=\"og:type\" content=\"article\" \/>\n<meta property=\"og:title\" content=\"AGB - Ehemaliges Weingut Lauf\" \/>\n<meta property=\"og:description\" content=\"Allgemeine Gesch\u00e4ftsbedingungen Bei Stornierung: Zugang der Stornierungsmitteilung 7 bis 10 Tage vor der gebuchten \u00dcbernachtung \u2013 50% des Preises pro \u00dcbernachtung Zugang der Stornierungsmitteilung 1 bis 7 Tage vor der gebuchten \u00dcbernachtung \u2013 75% des Preises pro \u00dcbernachtung Zugang der Stornierungsmitteilung weniger als 24 Stunden vor der gebuchten \u00dcbernachtung \u2013 90% des Preises pro \u00dcbernachtung &hellip; \u201eAGB\u201c weiterlesen\" \/>\n<meta property=\"og:url\" content=\"https:\/\/weingut-erhard-lauf.de\/index.php\/agb\/\" \/>\n<meta property=\"og:site_name\" content=\"Ehemaliges Weingut Lauf\" \/>\n<meta property=\"article:modified_time\" content=\"2022-09-05T18:24:02+00:00\" \/>\n<meta name=\"twitter:card\" content=\"summary_large_image\" \/>\n<meta name=\"twitter:label1\" content=\"Gesch\u00e4tzte Lesezeit\" \/>\n\t<meta name=\"twitter:data1\" content=\"4\u00a0Minuten\" \/>\n<script type=\"application\/ld+json\" class=\"yoast-schema-graph\">{\"@context\":\"https:\\\/\\\/schema.org\",\"@graph\":[{\"@type\":\"WebPage\",\"@id\":\"https:\\\/\\\/weingut-erhard-lauf.de\\\/index.php\\\/agb\\\/\",\"url\":\"https:\\\/\\\/weingut-erhard-lauf.de\\\/index.php\\\/agb\\\/\",\"name\":\"AGB - Ehemaliges Weingut Lauf\",\"isPartOf\":{\"@id\":\"https:\\\/\\\/weingut-erhard-lauf.de\\\/#website\"},\"datePublished\":\"2022-08-27T18:05:05+00:00\",\"dateModified\":\"2022-09-05T18:24:02+00:00\",\"breadcrumb\":{\"@id\":\"https:\\\/\\\/weingut-erhard-lauf.de\\\/index.php\\\/agb\\\/#breadcrumb\"},\"inLanguage\":\"de\",\"potentialAction\":[{\"@type\":\"ReadAction\",\"target\":[\"https:\\\/\\\/weingut-erhard-lauf.de\\\/index.php\\\/agb\\\/\"]}]},{\"@type\":\"BreadcrumbList\",\"@id\":\"https:\\\/\\\/weingut-erhard-lauf.de\\\/index.php\\\/agb\\\/#breadcrumb\",\"itemListElement\":[{\"@type\":\"ListItem\",\"position\":1,\"name\":\"Startseite\",\"item\":\"https:\\\/\\\/weingut-erhard-lauf.de\\\/\"},{\"@type\":\"ListItem\",\"position\":2,\"name\":\"AGB\"}]},{\"@type\":\"WebSite\",\"@id\":\"https:\\\/\\\/weingut-erhard-lauf.de\\\/#website\",\"url\":\"https:\\\/\\\/weingut-erhard-lauf.de\\\/\",\"name\":\"Ehemaliges Weingut Lauf\",\"description\":\"G\u00e4stezimmer\",\"potentialAction\":[{\"@type\":\"SearchAction\",\"target\":{\"@type\":\"EntryPoint\",\"urlTemplate\":\"https:\\\/\\\/weingut-erhard-lauf.de\\\/?s={search_term_string}\"},\"query-input\":{\"@type\":\"PropertyValueSpecification\",\"valueRequired\":true,\"valueName\":\"search_term_string\"}}],\"inLanguage\":\"de\"}]}<\/script>\n<!-- \/ Yoast SEO plugin. -->","yoast_head_json":{"title":"AGB - Ehemaliges Weingut Lauf","robots":{"index":"index","follow":"follow","max-snippet":"max-snippet:-1","max-image-preview":"max-image-preview:large","max-video-preview":"max-video-preview:-1"},"canonical":"https:\/\/weingut-erhard-lauf.de\/index.php\/agb\/","og_locale":"de_DE","og_type":"article","og_title":"AGB - Ehemaliges Weingut Lauf","og_description":"Allgemeine Gesch\u00e4ftsbedingungen Bei Stornierung: Zugang der Stornierungsmitteilung 7 bis 10 Tage vor der gebuchten \u00dcbernachtung \u2013 50% des Preises pro \u00dcbernachtung Zugang der Stornierungsmitteilung 1 bis 7 Tage vor der gebuchten \u00dcbernachtung \u2013 75% des Preises pro \u00dcbernachtung Zugang der Stornierungsmitteilung weniger als 24 Stunden vor der gebuchten \u00dcbernachtung \u2013 90% des Preises pro \u00dcbernachtung &hellip; \u201eAGB\u201c weiterlesen","og_url":"https:\/\/weingut-erhard-lauf.de\/index.php\/agb\/","og_site_name":"Ehemaliges Weingut Lauf","article_modified_time":"2022-09-05T18:24:02+00:00","twitter_card":"summary_large_image","twitter_misc":{"Gesch\u00e4tzte Lesezeit":"4\u00a0Minuten"},"schema":{"@context":"https:\/\/schema.org","@graph":[{"@type":"WebPage","@id":"https:\/\/weingut-erhard-lauf.de\/index.php\/agb\/","url":"https:\/\/weingut-erhard-lauf.de\/index.php\/agb\/","name":"AGB - Ehemaliges Weingut Lauf","isPartOf":{"@id":"https:\/\/weingut-erhard-lauf.de\/#website"},"datePublished":"2022-08-27T18:05:05+00:00","dateModified":"2022-09-05T18:24:02+00:00","breadcrumb":{"@id":"https:\/\/weingut-erhard-lauf.de\/index.php\/agb\/#breadcrumb"},"inLanguage":"de","potentialAction":[{"@type":"ReadAction","target":["https:\/\/weingut-erhard-lauf.de\/index.php\/agb\/"]}]},{"@type":"BreadcrumbList","@id":"https:\/\/weingut-erhard-lauf.de\/index.php\/agb\/#breadcrumb","itemListElement":[{"@type":"ListItem","position":1,"name":"Startseite","item":"https:\/\/weingut-erhard-lauf.de\/"},{"@type":"ListItem","position":2,"name":"AGB"}]},{"@type":"WebSite","@id":"https:\/\/weingut-erhard-lauf.de\/#website","url":"https:\/\/weingut-erhard-lauf.de\/","name":"Ehemaliges Weingut Lauf","description":"G\u00e4stezimmer","potentialAction":[{"@type":"SearchAction","target":{"@type":"EntryPoint","urlTemplate":"https:\/\/weingut-erhard-lauf.de\/?s={search_term_string}"},"query-input":{"@type":"PropertyValueSpecification","valueRequired":true,"valueName":"search_term_string"}}],"inLanguage":"de"}]}},"_links":{"self":[{"href":"https:\/\/weingut-erhard-lauf.de\/index.php\/wp-json\/wp\/v2\/pages\/64","targetHints":{"allow":["GET"]}}],"collection":[{"href":"https:\/\/weingut-erhard-lauf.de\/index.php\/wp-json\/wp\/v2\/pages"}],"about":[{"href":"https:\/\/weingut-erhard-lauf.de\/index.php\/wp-json\/wp\/v2\/types\/page"}],"author":[{"embeddable":true,"href":"https:\/\/weingut-erhard-lauf.de\/index.php\/wp-json\/wp\/v2\/users\/1"}],"replies":[{"embeddable":true,"href":"https:\/\/weingut-erhard-lauf.de\/index.php\/wp-json\/wp\/v2\/comments?post=64"}],"version-history":[{"count":10,"href":"https:\/\/weingut-erhard-lauf.de\/index.php\/wp-json\/wp\/v2\/pages\/64\/revisions"}],"predecessor-version":[{"id":370,"href":"https:\/\/weingut-erhard-lauf.de\/index.php\/wp-json\/wp\/v2\/pages\/64\/revisions\/370"}],"wp:attachment":[{"href":"https:\/\/weingut-erhard-lauf.de\/index.php\/wp-json\/wp\/v2\/media?parent=64"}],"curies":[{"name":"wp","href":"https:\/\/api.w.org\/{rel}","templated":true}]}}